{"id":9394,"date":"2019-05-29T14:27:20","date_gmt":"2019-05-29T14:27:20","guid":{"rendered":"https:\/\/scanfill.se\/eng-hallbarhet-miljo\/hallbarhet\/"},"modified":"2022-09-27T11:06:27","modified_gmt":"2022-09-27T11:06:27","slug":"sustainability","status":"publish","type":"page","link":"https:\/\/www.scanfill.se\/en\/sustainability\/sustainability\/","title":{"rendered":"Sustainability"},"content":{"rendered":"","protected":false},"excerpt":{"rendered":"Environment, sustainability and recycling are three keywords for us at Scanfill, both in terms of our material, but also in the everyday life","protected":false},"author":2,"featured_media":7236,"parent":6849,"menu_order":1,"comment_status":"closed","ping_status":"closed","template":"page-article.php","meta":[],"yoast_head":"<!-- This site is optimized with the Yoast SEO plugin v17.2 - https:\/\/yoast.com\/wordpress\/plugins\/seo\/ -->\n<meta name=\"description\" content=\"\u00c4r plast en del av ett h\u00e5llbart samh\u00e4lle? Det \u00e4r det b\u00e4sta materialet f\u00f6r att \u00f6ka h\u00e5llbarheten och minska p\u00e5verkan p\u00e5 milj\u00f6n.\" \/>\n<meta name=\"robots\" content=\"index, follow, max-snippet:-1, max-image-preview:large, max-video-preview:-1\" \/>\n<link rel=\"canonical\" href=\"https:\/\/www.scanfill.se\/en\/sustainability\/sustainability\/\" \/>\n<meta property=\"og:locale\" content=\"en_US\" \/>\n<meta property=\"og:type\" content=\"article\" \/>\n<meta property=\"og:title\" content=\"Sustainability - Scanfill\" \/>\n<meta property=\"og:description\" content=\"\u00c4r plast en del av ett h\u00e5llbart samh\u00e4lle? Det \u00e4r det b\u00e4sta materialet f\u00f6r att \u00f6ka h\u00e5llbarheten och minska p\u00e5verkan p\u00e5 milj\u00f6n.\" \/>\n<meta property=\"og:url\" content=\"https:\/\/www.scanfill.se\/en\/sustainability\/sustainability\/\" \/>\n<meta property=\"og:site_name\" content=\"Scanfill\" \/>\n<meta property=\"article:publisher\" content=\"https:\/\/www.facebook.com\/polykemi\" \/>\n<meta property=\"article:modified_time\" content=\"2022-09-27T11:06:27+00:00\" \/>\n<meta property=\"og:image\" content=\"https:\/\/www.scanfill.se\/wp-content\/uploads\/2019\/05\/scanfill-sustanability-recycling.jpg\" \/>\n\t<meta property=\"og:image:width\" content=\"800\" \/>\n\t<meta property=\"og:image:height\" content=\"370\" \/>\n<meta name=\"twitter:card\" content=\"summary\" \/>\n<script type=\"application\/ld+json\" class=\"yoast-schema-graph\">{\"@context\":\"https:\/\/schema.org\",\"@graph\":[{\"@type\":\"WebSite\",\"@id\":\"https:\/\/www.scanfill.se\/en\/#website\",\"url\":\"https:\/\/www.scanfill.se\/en\/\",\"name\":\"Scanfill\",\"description\":\"Brings out the best in plastics\",\"potentialAction\":[{\"@type\":\"SearchAction\",\"target\":{\"@type\":\"EntryPoint\",\"urlTemplate\":\"https:\/\/www.scanfill.se\/en\/?s={search_term_string}\"},\"query-input\":\"required name=search_term_string\"}],\"inLanguage\":\"en-US\"},{\"@type\":\"ImageObject\",\"@id\":\"https:\/\/www.scanfill.se\/en\/sustainability\/sustainability\/#primaryimage\",\"inLanguage\":\"en-US\",\"url\":\"https:\/\/www.scanfill.se\/wp-content\/uploads\/2019\/05\/scanfill-sustanability-recycling.jpg\",\"contentUrl\":\"https:\/\/www.scanfill.se\/wp-content\/uploads\/2019\/05\/scanfill-sustanability-recycling.jpg\",\"width\":800,\"height\":370,\"caption\":\"Plast en del av ett h\\u00e5llbart samh\\u00e4lle.\"},{\"@type\":\"WebPage\",\"@id\":\"https:\/\/www.scanfill.se\/en\/sustainability\/sustainability\/#webpage\",\"url\":\"https:\/\/www.scanfill.se\/en\/sustainability\/sustainability\/\",\"name\":\"Sustainability - Scanfill\",\"isPartOf\":{\"@id\":\"https:\/\/www.scanfill.se\/en\/#website\"},\"primaryImageOfPage\":{\"@id\":\"https:\/\/www.scanfill.se\/en\/sustainability\/sustainability\/#primaryimage\"},\"datePublished\":\"2019-05-29T14:27:20+00:00\",\"dateModified\":\"2022-09-27T11:06:27+00:00\",\"description\":\"\\u00c4r plast en del av ett h\\u00e5llbart samh\\u00e4lle? Det \\u00e4r det b\\u00e4sta materialet f\\u00f6r att \\u00f6ka h\\u00e5llbarheten och minska p\\u00e5verkan p\\u00e5 milj\\u00f6n.\",\"breadcrumb\":{\"@id\":\"https:\/\/www.scanfill.se\/en\/sustainability\/sustainability\/#breadcrumb\"},\"inLanguage\":\"en-US\",\"potentialAction\":[{\"@type\":\"ReadAction\",\"target\":[\"https:\/\/www.scanfill.se\/en\/sustainability\/sustainability\/\"]}]},{\"@type\":\"BreadcrumbList\",\"@id\":\"https:\/\/www.scanfill.se\/en\/sustainability\/sustainability\/#breadcrumb\",\"itemListElement\":[{\"@type\":\"ListItem\",\"position\":1,\"name\":\"Hem\",\"item\":\"https:\/\/www.scanfill.se\/en\/\"},{\"@type\":\"ListItem\",\"position\":2,\"name\":\"Sustainability\",\"item\":\"https:\/\/www.scanfill.se\/en\/sustainability\/\"},{\"@type\":\"ListItem\",\"position\":3,\"name\":\"Sustainability\"}]}]}<\/script>\n<!-- \/ Yoast SEO plugin. -->","yoast_head_json":{"description":"\u00c4r plast en del av ett h\u00e5llbart samh\u00e4lle? Det \u00e4r det b\u00e4sta materialet f\u00f6r att \u00f6ka h\u00e5llbarheten och minska p\u00e5verkan p\u00e5 milj\u00f6n.","robots":{"index":"index","follow":"follow","max-snippet":"max-snippet:-1","max-image-preview":"max-image-preview:large","max-video-preview":"max-video-preview:-1"},"canonical":"https:\/\/www.scanfill.se\/en\/sustainability\/sustainability\/","og_locale":"en_US","og_type":"article","og_title":"Sustainability - Scanfill","og_description":"\u00c4r plast en del av ett h\u00e5llbart samh\u00e4lle? Det \u00e4r det b\u00e4sta materialet f\u00f6r att \u00f6ka h\u00e5llbarheten och minska p\u00e5verkan p\u00e5 milj\u00f6n.","og_url":"https:\/\/www.scanfill.se\/en\/sustainability\/sustainability\/","og_site_name":"Scanfill","article_publisher":"https:\/\/www.facebook.com\/polykemi","article_modified_time":"2022-09-27T11:06:27+00:00","og_image":[{"width":800,"height":370,"url":"https:\/\/www.scanfill.se\/wp-content\/uploads\/2019\/05\/scanfill-sustanability-recycling.jpg","path":"\/var\/www\/vhosts\/scanfill.se\/httpdocs\/wp-content\/uploads\/2019\/05\/scanfill-sustanability-recycling.jpg","size":"full","id":7236,"alt":"Plast en del av ett h\u00e5llbart samh\u00e4lle.","pixels":296000,"type":"image\/jpeg"}],"twitter_card":"summary","schema":{"@context":"https:\/\/schema.org","@graph":[{"@type":"WebSite","@id":"https:\/\/www.scanfill.se\/en\/#website","url":"https:\/\/www.scanfill.se\/en\/","name":"Scanfill","description":"Brings out the best in plastics","potentialAction":[{"@type":"SearchAction","target":{"@type":"EntryPoint","urlTemplate":"https:\/\/www.scanfill.se\/en\/?s={search_term_string}"},"query-input":"required name=search_term_string"}],"inLanguage":"en-US"},{"@type":"ImageObject","@id":"https:\/\/www.scanfill.se\/en\/sustainability\/sustainability\/#primaryimage","inLanguage":"en-US","url":"https:\/\/www.scanfill.se\/wp-content\/uploads\/2019\/05\/scanfill-sustanability-recycling.jpg","contentUrl":"https:\/\/www.scanfill.se\/wp-content\/uploads\/2019\/05\/scanfill-sustanability-recycling.jpg","width":800,"height":370,"caption":"Plast en del av ett h\u00e5llbart samh\u00e4lle."},{"@type":"WebPage","@id":"https:\/\/www.scanfill.se\/en\/sustainability\/sustainability\/#webpage","url":"https:\/\/www.scanfill.se\/en\/sustainability\/sustainability\/","name":"Sustainability - Scanfill","isPartOf":{"@id":"https:\/\/www.scanfill.se\/en\/#website"},"primaryImageOfPage":{"@id":"https:\/\/www.scanfill.se\/en\/sustainability\/sustainability\/#primaryimage"},"datePublished":"2019-05-29T14:27:20+00:00","dateModified":"2022-09-27T11:06:27+00:00","description":"\u00c4r plast en del av ett h\u00e5llbart samh\u00e4lle? Det \u00e4r det b\u00e4sta materialet f\u00f6r att \u00f6ka h\u00e5llbarheten och minska p\u00e5verkan p\u00e5 milj\u00f6n.","breadcrumb":{"@id":"https:\/\/www.scanfill.se\/en\/sustainability\/sustainability\/#breadcrumb"},"inLanguage":"en-US","potentialAction":[{"@type":"ReadAction","target":["https:\/\/www.scanfill.se\/en\/sustainability\/sustainability\/"]}]},{"@type":"BreadcrumbList","@id":"https:\/\/www.scanfill.se\/en\/sustainability\/sustainability\/#breadcrumb","itemListElement":[{"@type":"ListItem","position":1,"name":"Hem","item":"https:\/\/www.scanfill.se\/en\/"},{"@type":"ListItem","position":2,"name":"Sustainability","item":"https:\/\/www.scanfill.se\/en\/sustainability\/"},{"@type":"ListItem","position":3,"name":"Sustainability"}]}]}},"_links":{"self":[{"href":"https:\/\/www.scanfill.se\/en\/wp-json\/wp\/v2\/pages\/9394"}],"collection":[{"href":"https:\/\/www.scanfill.se\/en\/wp-json\/wp\/v2\/pages"}],"about":[{"href":"https:\/\/www.scanfill.se\/en\/wp-json\/wp\/v2\/types\/page"}],"author":[{"embeddable":true,"href":"https:\/\/www.scanfill.se\/en\/wp-json\/wp\/v2\/users\/2"}],"replies":[{"embeddable":true,"href":"https:\/\/www.scanfill.se\/en\/wp-json\/wp\/v2\/comments?post=9394"}],"version-history":[{"count":15,"href":"https:\/\/www.scanfill.se\/en\/wp-json\/wp\/v2\/pages\/9394\/revisions"}],"predecessor-version":[{"id":12803,"href":"https:\/\/www.scanfill.se\/en\/wp-json\/wp\/v2\/pages\/9394\/revisions\/12803"}],"up":[{"embeddable":true,"href":"https:\/\/www.scanfill.se\/en\/wp-json\/wp\/v2\/pages\/6849"}],"wp:featuredmedia":[{"embeddable":true,"href":"https:\/\/www.scanfill.se\/en\/wp-json\/wp\/v2\/media\/7236"}],"wp:attachment":[{"href":"https:\/\/www.scanfill.se\/en\/wp-json\/wp\/v2\/media?parent=9394"}],"curies":[{"name":"wp","href":"https:\/\/api.w.org\/{rel}","templated":true}]}}