{"id":6950,"date":"2019-05-23T14:09:32","date_gmt":"2019-05-23T14:09:32","guid":{"rendered":"https:\/\/scanfill.se\/?page_id=6950"},"modified":"2022-09-27T11:04:54","modified_gmt":"2022-09-27T11:04:54","slug":"environmental-benefits","status":"publish","type":"page","link":"https:\/\/www.scanfill.se\/en\/sustainability\/environmental-benefits\/","title":{"rendered":"Environmental benefits"},"content":{"rendered":"","protected":false},"excerpt":{"rendered":"There are several benefits to plastic. Our materials are recyclable, contain 50% less polymer and have thinner foil","protected":false},"author":2,"featured_media":7931,"parent":6849,"menu_order":3,"comment_status":"closed","ping_status":"closed","template":"page-article.php","meta":[],"yoast_head":"<!-- This site is optimized with the Yoast SEO plugin v17.2 - https:\/\/yoast.com\/wordpress\/plugins\/seo\/ -->\n<meta name=\"description\" content=\"Many believe that the transition to a circular economy is necessary to save the environment, but with our concept of a spiral economy, plastic achieves its full potential.\" \/>\n<meta name=\"robots\" content=\"index, follow, max-snippet:-1, max-image-preview:large, max-video-preview:-1\" \/>\n<link rel=\"canonical\" href=\"https:\/\/www.scanfill.se\/en\/sustainability\/environmental-benefits\/\" \/>\n<meta property=\"og:locale\" content=\"en_US\" \/>\n<meta property=\"og:type\" content=\"article\" \/>\n<meta property=\"og:title\" content=\"Environmental benefits - Circular economy or Spiral economy? -\u00a0 Scanfill\" \/>\n<meta property=\"og:description\" content=\"Many believe that the transition to a circular economy is necessary to save the environment, but with our concept of a spiral economy, plastic achieves its full potential.\" \/>\n<meta property=\"og:url\" content=\"https:\/\/www.scanfill.se\/en\/sustainability\/environmental-benefits\/\" \/>\n<meta property=\"og:site_name\" content=\"Scanfill\" \/>\n<meta property=\"article:publisher\" content=\"https:\/\/www.facebook.com\/polykemi\" \/>\n<meta property=\"article:modified_time\" content=\"2022-09-27T11:04:54+00:00\" \/>\n<meta property=\"og:image\" content=\"https:\/\/www.scanfill.se\/wp-content\/uploads\/2019\/06\/milj\u00f6f\u00f6rdelar-scanfill.jpg\" \/>\n\t<meta property=\"og:image:width\" content=\"800\" \/>\n\t<meta property=\"og:image:height\" content=\"370\" \/>\n<meta name=\"twitter:card\" content=\"summary\" \/>\n<script type=\"application\/ld+json\" class=\"yoast-schema-graph\">{\"@context\":\"https:\/\/schema.org\",\"@graph\":[{\"@type\":\"WebSite\",\"@id\":\"https:\/\/www.scanfill.se\/en\/#website\",\"url\":\"https:\/\/www.scanfill.se\/en\/\",\"name\":\"Scanfill\",\"description\":\"Brings out the best in plastics\",\"potentialAction\":[{\"@type\":\"SearchAction\",\"target\":{\"@type\":\"EntryPoint\",\"urlTemplate\":\"https:\/\/www.scanfill.se\/en\/?s={search_term_string}\"},\"query-input\":\"required name=search_term_string\"}],\"inLanguage\":\"en-US\"},{\"@type\":\"ImageObject\",\"@id\":\"https:\/\/www.scanfill.se\/en\/sustainability\/environmental-benefits\/#primaryimage\",\"inLanguage\":\"en-US\",\"url\":\"https:\/\/www.scanfill.se\/wp-content\/uploads\/2019\/06\/milj\\u00f6f\\u00f6rdelar-scanfill.jpg\",\"contentUrl\":\"https:\/\/www.scanfill.se\/wp-content\/uploads\/2019\/06\/milj\\u00f6f\\u00f6rdelar-scanfill.jpg\",\"width\":800,\"height\":370,\"caption\":\"klimatf\\u00f6rdelar-scanfill\"},{\"@type\":\"WebPage\",\"@id\":\"https:\/\/www.scanfill.se\/en\/sustainability\/environmental-benefits\/#webpage\",\"url\":\"https:\/\/www.scanfill.se\/en\/sustainability\/environmental-benefits\/\",\"name\":\"Environmental benefits - Circular economy or Spiral economy? -\\u00a0 Scanfill\",\"isPartOf\":{\"@id\":\"https:\/\/www.scanfill.se\/en\/#website\"},\"primaryImageOfPage\":{\"@id\":\"https:\/\/www.scanfill.se\/en\/sustainability\/environmental-benefits\/#primaryimage\"},\"datePublished\":\"2019-05-23T14:09:32+00:00\",\"dateModified\":\"2022-09-27T11:04:54+00:00\",\"description\":\"Many believe that the transition to a circular economy is necessary to save the environment, but with our concept of a spiral economy, plastic achieves its full potential.\",\"breadcrumb\":{\"@id\":\"https:\/\/www.scanfill.se\/en\/sustainability\/environmental-benefits\/#breadcrumb\"},\"inLanguage\":\"en-US\",\"potentialAction\":[{\"@type\":\"ReadAction\",\"target\":[\"https:\/\/www.scanfill.se\/en\/sustainability\/environmental-benefits\/\"]}]},{\"@type\":\"BreadcrumbList\",\"@id\":\"https:\/\/www.scanfill.se\/en\/sustainability\/environmental-benefits\/#breadcrumb\",\"itemListElement\":[{\"@type\":\"ListItem\",\"position\":1,\"name\":\"Hem\",\"item\":\"https:\/\/www.scanfill.se\/en\/\"},{\"@type\":\"ListItem\",\"position\":2,\"name\":\"Sustainability\",\"item\":\"https:\/\/www.scanfill.se\/en\/sustainability\/\"},{\"@type\":\"ListItem\",\"position\":3,\"name\":\"Environmental benefits\"}]}]}<\/script>\n<!-- \/ Yoast SEO plugin. -->","yoast_head_json":{"description":"Many believe that the transition to a circular economy is necessary to save the environment, but with our concept of a spiral economy, plastic achieves its full potential.","robots":{"index":"index","follow":"follow","max-snippet":"max-snippet:-1","max-image-preview":"max-image-preview:large","max-video-preview":"max-video-preview:-1"},"canonical":"https:\/\/www.scanfill.se\/en\/sustainability\/environmental-benefits\/","og_locale":"en_US","og_type":"article","og_title":"Environmental benefits - Circular economy or Spiral economy? -\u00a0 Scanfill","og_description":"Many believe that the transition to a circular economy is necessary to save the environment, but with our concept of a spiral economy, plastic achieves its full potential.","og_url":"https:\/\/www.scanfill.se\/en\/sustainability\/environmental-benefits\/","og_site_name":"Scanfill","article_publisher":"https:\/\/www.facebook.com\/polykemi","article_modified_time":"2022-09-27T11:04:54+00:00","og_image":[{"width":800,"height":370,"url":"https:\/\/www.scanfill.se\/wp-content\/uploads\/2019\/06\/milj\u00f6f\u00f6rdelar-scanfill.jpg","path":"\/var\/www\/vhosts\/scanfill.se\/httpdocs\/wp-content\/uploads\/2019\/06\/milj\u00f6f\u00f6rdelar-scanfill.jpg","size":"full","id":7931,"alt":"Cirkul\u00e4r ekonomi och f\u00f6rdelar med plast fr\u00e5n Scanfill.","pixels":296000,"type":"image\/jpeg"}],"twitter_card":"summary","schema":{"@context":"https:\/\/schema.org","@graph":[{"@type":"WebSite","@id":"https:\/\/www.scanfill.se\/en\/#website","url":"https:\/\/www.scanfill.se\/en\/","name":"Scanfill","description":"Brings out the best in plastics","potentialAction":[{"@type":"SearchAction","target":{"@type":"EntryPoint","urlTemplate":"https:\/\/www.scanfill.se\/en\/?s={search_term_string}"},"query-input":"required name=search_term_string"}],"inLanguage":"en-US"},{"@type":"ImageObject","@id":"https:\/\/www.scanfill.se\/en\/sustainability\/environmental-benefits\/#primaryimage","inLanguage":"en-US","url":"https:\/\/www.scanfill.se\/wp-content\/uploads\/2019\/06\/milj\u00f6f\u00f6rdelar-scanfill.jpg","contentUrl":"https:\/\/www.scanfill.se\/wp-content\/uploads\/2019\/06\/milj\u00f6f\u00f6rdelar-scanfill.jpg","width":800,"height":370,"caption":"klimatf\u00f6rdelar-scanfill"},{"@type":"WebPage","@id":"https:\/\/www.scanfill.se\/en\/sustainability\/environmental-benefits\/#webpage","url":"https:\/\/www.scanfill.se\/en\/sustainability\/environmental-benefits\/","name":"Environmental benefits - Circular economy or Spiral economy? -\u00a0 Scanfill","isPartOf":{"@id":"https:\/\/www.scanfill.se\/en\/#website"},"primaryImageOfPage":{"@id":"https:\/\/www.scanfill.se\/en\/sustainability\/environmental-benefits\/#primaryimage"},"datePublished":"2019-05-23T14:09:32+00:00","dateModified":"2022-09-27T11:04:54+00:00","description":"Many believe that the transition to a circular economy is necessary to save the environment, but with our concept of a spiral economy, plastic achieves its full potential.","breadcrumb":{"@id":"https:\/\/www.scanfill.se\/en\/sustainability\/environmental-benefits\/#breadcrumb"},"inLanguage":"en-US","potentialAction":[{"@type":"ReadAction","target":["https:\/\/www.scanfill.se\/en\/sustainability\/environmental-benefits\/"]}]},{"@type":"BreadcrumbList","@id":"https:\/\/www.scanfill.se\/en\/sustainability\/environmental-benefits\/#breadcrumb","itemListElement":[{"@type":"ListItem","position":1,"name":"Hem","item":"https:\/\/www.scanfill.se\/en\/"},{"@type":"ListItem","position":2,"name":"Sustainability","item":"https:\/\/www.scanfill.se\/en\/sustainability\/"},{"@type":"ListItem","position":3,"name":"Environmental benefits"}]}]}},"_links":{"self":[{"href":"https:\/\/www.scanfill.se\/en\/wp-json\/wp\/v2\/pages\/6950"}],"collection":[{"href":"https:\/\/www.scanfill.se\/en\/wp-json\/wp\/v2\/pages"}],"about":[{"href":"https:\/\/www.scanfill.se\/en\/wp-json\/wp\/v2\/types\/page"}],"author":[{"embeddable":true,"href":"https:\/\/www.scanfill.se\/en\/wp-json\/wp\/v2\/users\/2"}],"replies":[{"embeddable":true,"href":"https:\/\/www.scanfill.se\/en\/wp-json\/wp\/v2\/comments?post=6950"}],"version-history":[{"count":12,"href":"https:\/\/www.scanfill.se\/en\/wp-json\/wp\/v2\/pages\/6950\/revisions"}],"predecessor-version":[{"id":12802,"href":"https:\/\/www.scanfill.se\/en\/wp-json\/wp\/v2\/pages\/6950\/revisions\/12802"}],"up":[{"embeddable":true,"href":"https:\/\/www.scanfill.se\/en\/wp-json\/wp\/v2\/pages\/6849"}],"wp:featuredmedia":[{"embeddable":true,"href":"https:\/\/www.scanfill.se\/en\/wp-json\/wp\/v2\/media\/7931"}],"wp:attachment":[{"href":"https:\/\/www.scanfill.se\/en\/wp-json\/wp\/v2\/media?parent=6950"}],"curies":[{"name":"wp","href":"https:\/\/api.w.org\/{rel}","templated":true}]}}