{"id":11986,"date":"2020-12-22T15:20:25","date_gmt":"2020-12-22T15:20:25","guid":{"rendered":"https:\/\/www.scanfill.se\/products\/thermoforming\/scanfoil\/scanfoil-pp-polypropen\/"},"modified":"2023-05-04T11:44:41","modified_gmt":"2023-05-04T11:44:41","slug":"scanfoil-pp","status":"publish","type":"page","link":"https:\/\/www.scanfill.se\/en\/products\/thermoforming\/scanfoil\/scanfoil-pp\/","title":{"rendered":"Scanfoil PP"},"content":{"rendered":"","protected":false},"excerpt":{"rendered":"Scanfoil PP is a environmentally friendly packaging material. It&#8217;s a thermoforming foil with good forming properties and available","protected":false},"author":2,"featured_media":11930,"parent":10713,"menu_order":1,"comment_status":"closed","ping_status":"closed","template":"page-article.php","meta":[],"yoast_head":"<!-- This site is optimized with the Yoast SEO plugin v17.2 - https:\/\/yoast.com\/wordpress\/plugins\/seo\/ -->\n<meta name=\"robots\" content=\"index, follow, max-snippet:-1, max-image-preview:large, max-video-preview:-1\" \/>\n<link rel=\"canonical\" href=\"https:\/\/www.scanfill.se\/en\/products\/thermoforming\/scanfoil\/scanfoil-pp\/\" \/>\n<meta property=\"og:locale\" content=\"en_US\" \/>\n<meta property=\"og:type\" content=\"article\" \/>\n<meta property=\"og:title\" content=\"Scanfoil PP - Scanfill\" \/>\n<meta property=\"og:description\" content=\"Scanfoil PP is a environmentally friendly packaging material. It&#039;s a thermoforming foil with good forming properties and available\" \/>\n<meta property=\"og:url\" content=\"https:\/\/www.scanfill.se\/en\/products\/thermoforming\/scanfoil\/scanfoil-pp\/\" \/>\n<meta property=\"og:site_name\" content=\"Scanfill\" \/>\n<meta property=\"article:publisher\" content=\"https:\/\/www.facebook.com\/polykemi\" \/>\n<meta property=\"article:modified_time\" content=\"2023-05-04T11:44:41+00:00\" \/>\n<meta property=\"og:image\" content=\"https:\/\/www.scanfill.se\/wp-content\/uploads\/2021\/01\/PP-polypropen-plastf\u00f6rpackningar-milj\u00f6v\u00e4nliga-f\u00f6rpackningsmaterial-2.jpg\" \/>\n\t<meta property=\"og:image:width\" content=\"800\" \/>\n\t<meta property=\"og:image:height\" content=\"370\" \/>\n<meta name=\"twitter:card\" content=\"summary\" \/>\n<script type=\"application\/ld+json\" class=\"yoast-schema-graph\">{\"@context\":\"https:\/\/schema.org\",\"@graph\":[{\"@type\":\"WebSite\",\"@id\":\"https:\/\/www.scanfill.se\/en\/#website\",\"url\":\"https:\/\/www.scanfill.se\/en\/\",\"name\":\"Scanfill\",\"description\":\"Brings out the best in plastics\",\"potentialAction\":[{\"@type\":\"SearchAction\",\"target\":{\"@type\":\"EntryPoint\",\"urlTemplate\":\"https:\/\/www.scanfill.se\/en\/?s={search_term_string}\"},\"query-input\":\"required name=search_term_string\"}],\"inLanguage\":\"en-US\"},{\"@type\":\"ImageObject\",\"@id\":\"https:\/\/www.scanfill.se\/en\/products\/thermoforming\/scanfoil\/scanfoil-pp\/#primaryimage\",\"inLanguage\":\"en-US\",\"url\":\"https:\/\/www.scanfill.se\/wp-content\/uploads\/2021\/01\/PP-polypropen-plastf\\u00f6rpackningar-milj\\u00f6v\\u00e4nliga-f\\u00f6rpackningsmaterial-2.jpg\",\"contentUrl\":\"https:\/\/www.scanfill.se\/wp-content\/uploads\/2021\/01\/PP-polypropen-plastf\\u00f6rpackningar-milj\\u00f6v\\u00e4nliga-f\\u00f6rpackningsmaterial-2.jpg\",\"width\":800,\"height\":370,\"caption\":\"PP polypropen plastf\\u00f6rpackningar-milj\\u00f6v\\u00e4nliga f\\u00f6rpackningsmaterial\"},{\"@type\":\"WebPage\",\"@id\":\"https:\/\/www.scanfill.se\/en\/products\/thermoforming\/scanfoil\/scanfoil-pp\/#webpage\",\"url\":\"https:\/\/www.scanfill.se\/en\/products\/thermoforming\/scanfoil\/scanfoil-pp\/\",\"name\":\"Scanfoil PP - Scanfill\",\"isPartOf\":{\"@id\":\"https:\/\/www.scanfill.se\/en\/#website\"},\"primaryImageOfPage\":{\"@id\":\"https:\/\/www.scanfill.se\/en\/products\/thermoforming\/scanfoil\/scanfoil-pp\/#primaryimage\"},\"datePublished\":\"2020-12-22T15:20:25+00:00\",\"dateModified\":\"2023-05-04T11:44:41+00:00\",\"breadcrumb\":{\"@id\":\"https:\/\/www.scanfill.se\/en\/products\/thermoforming\/scanfoil\/scanfoil-pp\/#breadcrumb\"},\"inLanguage\":\"en-US\",\"potentialAction\":[{\"@type\":\"ReadAction\",\"target\":[\"https:\/\/www.scanfill.se\/en\/products\/thermoforming\/scanfoil\/scanfoil-pp\/\"]}]},{\"@type\":\"BreadcrumbList\",\"@id\":\"https:\/\/www.scanfill.se\/en\/products\/thermoforming\/scanfoil\/scanfoil-pp\/#breadcrumb\",\"itemListElement\":[{\"@type\":\"ListItem\",\"position\":1,\"name\":\"Hem\",\"item\":\"https:\/\/www.scanfill.se\/en\/\"},{\"@type\":\"ListItem\",\"position\":2,\"name\":\"Products\",\"item\":\"https:\/\/www.scanfill.se\/en\/products\/\"},{\"@type\":\"ListItem\",\"position\":3,\"name\":\"Thermoforming\",\"item\":\"https:\/\/www.scanfill.se\/en\/products\/thermoforming\/\"},{\"@type\":\"ListItem\",\"position\":4,\"name\":\"Scanfoil\",\"item\":\"https:\/\/www.scanfill.se\/en\/products\/thermoforming\/scanfoil\/\"},{\"@type\":\"ListItem\",\"position\":5,\"name\":\"Scanfoil PP\"}]}]}<\/script>\n<!-- \/ Yoast SEO plugin. -->","yoast_head_json":{"robots":{"index":"index","follow":"follow","max-snippet":"max-snippet:-1","max-image-preview":"max-image-preview:large","max-video-preview":"max-video-preview:-1"},"canonical":"https:\/\/www.scanfill.se\/en\/products\/thermoforming\/scanfoil\/scanfoil-pp\/","og_locale":"en_US","og_type":"article","og_title":"Scanfoil PP - Scanfill","og_description":"Scanfoil PP is a environmentally friendly packaging material. It's a thermoforming foil with good forming properties and available","og_url":"https:\/\/www.scanfill.se\/en\/products\/thermoforming\/scanfoil\/scanfoil-pp\/","og_site_name":"Scanfill","article_publisher":"https:\/\/www.facebook.com\/polykemi","article_modified_time":"2023-05-04T11:44:41+00:00","og_image":[{"width":800,"height":370,"url":"https:\/\/www.scanfill.se\/wp-content\/uploads\/2021\/01\/PP-polypropen-plastf\u00f6rpackningar-milj\u00f6v\u00e4nliga-f\u00f6rpackningsmaterial-2.jpg","path":"\/var\/www\/vhosts\/scanfill.se\/httpdocs\/wp-content\/uploads\/2021\/01\/PP-polypropen-plastf\u00f6rpackningar-milj\u00f6v\u00e4nliga-f\u00f6rpackningsmaterial-2.jpg","size":"full","id":11930,"alt":"PP polypropen plastf\u00f6rpackningar-milj\u00f6v\u00e4nliga f\u00f6rpackningsmaterial","pixels":296000,"type":"image\/jpeg"}],"twitter_card":"summary","schema":{"@context":"https:\/\/schema.org","@graph":[{"@type":"WebSite","@id":"https:\/\/www.scanfill.se\/en\/#website","url":"https:\/\/www.scanfill.se\/en\/","name":"Scanfill","description":"Brings out the best in plastics","potentialAction":[{"@type":"SearchAction","target":{"@type":"EntryPoint","urlTemplate":"https:\/\/www.scanfill.se\/en\/?s={search_term_string}"},"query-input":"required name=search_term_string"}],"inLanguage":"en-US"},{"@type":"ImageObject","@id":"https:\/\/www.scanfill.se\/en\/products\/thermoforming\/scanfoil\/scanfoil-pp\/#primaryimage","inLanguage":"en-US","url":"https:\/\/www.scanfill.se\/wp-content\/uploads\/2021\/01\/PP-polypropen-plastf\u00f6rpackningar-milj\u00f6v\u00e4nliga-f\u00f6rpackningsmaterial-2.jpg","contentUrl":"https:\/\/www.scanfill.se\/wp-content\/uploads\/2021\/01\/PP-polypropen-plastf\u00f6rpackningar-milj\u00f6v\u00e4nliga-f\u00f6rpackningsmaterial-2.jpg","width":800,"height":370,"caption":"PP polypropen plastf\u00f6rpackningar-milj\u00f6v\u00e4nliga f\u00f6rpackningsmaterial"},{"@type":"WebPage","@id":"https:\/\/www.scanfill.se\/en\/products\/thermoforming\/scanfoil\/scanfoil-pp\/#webpage","url":"https:\/\/www.scanfill.se\/en\/products\/thermoforming\/scanfoil\/scanfoil-pp\/","name":"Scanfoil PP - Scanfill","isPartOf":{"@id":"https:\/\/www.scanfill.se\/en\/#website"},"primaryImageOfPage":{"@id":"https:\/\/www.scanfill.se\/en\/products\/thermoforming\/scanfoil\/scanfoil-pp\/#primaryimage"},"datePublished":"2020-12-22T15:20:25+00:00","dateModified":"2023-05-04T11:44:41+00:00","breadcrumb":{"@id":"https:\/\/www.scanfill.se\/en\/products\/thermoforming\/scanfoil\/scanfoil-pp\/#breadcrumb"},"inLanguage":"en-US","potentialAction":[{"@type":"ReadAction","target":["https:\/\/www.scanfill.se\/en\/products\/thermoforming\/scanfoil\/scanfoil-pp\/"]}]},{"@type":"BreadcrumbList","@id":"https:\/\/www.scanfill.se\/en\/products\/thermoforming\/scanfoil\/scanfoil-pp\/#breadcrumb","itemListElement":[{"@type":"ListItem","position":1,"name":"Hem","item":"https:\/\/www.scanfill.se\/en\/"},{"@type":"ListItem","position":2,"name":"Products","item":"https:\/\/www.scanfill.se\/en\/products\/"},{"@type":"ListItem","position":3,"name":"Thermoforming","item":"https:\/\/www.scanfill.se\/en\/products\/thermoforming\/"},{"@type":"ListItem","position":4,"name":"Scanfoil","item":"https:\/\/www.scanfill.se\/en\/products\/thermoforming\/scanfoil\/"},{"@type":"ListItem","position":5,"name":"Scanfoil PP"}]}]}},"_links":{"self":[{"href":"https:\/\/www.scanfill.se\/en\/wp-json\/wp\/v2\/pages\/11986"}],"collection":[{"href":"https:\/\/www.scanfill.se\/en\/wp-json\/wp\/v2\/pages"}],"about":[{"href":"https:\/\/www.scanfill.se\/en\/wp-json\/wp\/v2\/types\/page"}],"author":[{"embeddable":true,"href":"https:\/\/www.scanfill.se\/en\/wp-json\/wp\/v2\/users\/2"}],"replies":[{"embeddable":true,"href":"https:\/\/www.scanfill.se\/en\/wp-json\/wp\/v2\/comments?post=11986"}],"version-history":[{"count":11,"href":"https:\/\/www.scanfill.se\/en\/wp-json\/wp\/v2\/pages\/11986\/revisions"}],"predecessor-version":[{"id":12982,"href":"https:\/\/www.scanfill.se\/en\/wp-json\/wp\/v2\/pages\/11986\/revisions\/12982"}],"up":[{"embeddable":true,"href":"https:\/\/www.scanfill.se\/en\/wp-json\/wp\/v2\/pages\/10713"}],"wp:featuredmedia":[{"embeddable":true,"href":"https:\/\/www.scanfill.se\/en\/wp-json\/wp\/v2\/media\/11930"}],"wp:attachment":[{"href":"https:\/\/www.scanfill.se\/en\/wp-json\/wp\/v2\/media?parent=11986"}],"curies":[{"name":"wp","href":"https:\/\/api.w.org\/{rel}","templated":true}]}}